{"id":98,"date":"2023-03-21T18:41:28","date_gmt":"2023-03-21T18:41:28","guid":{"rendered":"https:\/\/bistro.sa-nuk.de\/?page_id=98"},"modified":"2025-01-15T12:55:24","modified_gmt":"2025-01-15T12:55:24","slug":"speisekarte","status":"publish","type":"page","link":"https:\/\/bistro.sa-nuk.de\/?page_id=98","title":{"rendered":"Speisekarte"},"content":{"rendered":"\t\t<div data-elementor-type=\"wp-page\" data-elementor-id=\"98\" class=\"elementor elementor-98\" data-elementor-post-type=\"page\">\n\t\t\t\t<div class=\"elementor-element elementor-element-f1a5a53 e-con-full e-flex e-con e-parent\" data-id=\"f1a5a53\" data-element_type=\"container\" data-e-type=\"container\">\n\t\t\t\t<div class=\"elementor-element elementor-element-a43e901 elementor-widget elementor-widget-image\" data-id=\"a43e901\" data-element_type=\"widget\" data-e-type=\"widget\" data-widget_type=\"image.default\">\n\t\t\t\t<div class=\"elementor-widget-container\">\n\t\t\t\t\t\t\t\t\t\t\t\t\t\t\t<img fetchpriority=\"high\" decoding=\"async\" width=\"2000\" height=\"1200\" src=\"https:\/\/bistro.sa-nuk.de\/wp-content\/uploads\/2023\/02\/sandwich.jpg\" class=\"attachment-full size-full wp-image-9\" alt=\"\" srcset=\"https:\/\/bistro.sa-nuk.de\/wp-content\/uploads\/2023\/02\/sandwich.jpg 2000w, https:\/\/bistro.sa-nuk.de\/wp-content\/uploads\/2023\/02\/sandwich-300x180.jpg 300w, https:\/\/bistro.sa-nuk.de\/wp-content\/uploads\/2023\/02\/sandwich-1024x614.jpg 1024w, https:\/\/bistro.sa-nuk.de\/wp-content\/uploads\/2023\/02\/sandwich-768x461.jpg 768w, https:\/\/bistro.sa-nuk.de\/wp-content\/uploads\/2023\/02\/sandwich-1536x922.jpg 1536w\" sizes=\"(max-width: 2000px) 100vw, 2000px\" \/>\t\t\t\t\t\t\t\t\t\t\t\t\t\t\t<\/div>\n\t\t\t\t<\/div>\n\t\t\t\t<\/div>\n\t\t<div class=\"elementor-element elementor-element-425f8b8 e-flex e-con-boxed e-con e-parent\" data-id=\"425f8b8\" data-element_type=\"container\" data-e-type=\"container\">\n\t\t\t\t\t<div class=\"e-con-inner\">\n\t\t<div class=\"elementor-element elementor-element-4295fb9 e-con-full e-flex e-con e-child\" data-id=\"4295fb9\" data-element_type=\"container\" data-e-type=\"container\">\n\t\t\t\t<div class=\"elementor-element elementor-element-5388941 elementor-widget elementor-widget-heading\" data-id=\"5388941\" data-element_type=\"widget\" data-e-type=\"widget\" data-widget_type=\"heading.default\">\n\t\t\t\t<div class=\"elementor-widget-container\">\n\t\t\t\t\t<h2 class=\"elementor-heading-title elementor-size-default\">Das Bistro f\u00fcr alle<\/h2>\t\t\t\t<\/div>\n\t\t\t\t<\/div>\n\t\t\t\t<div class=\"elementor-element elementor-element-5ea689d elementor-widget elementor-widget-heading\" data-id=\"5ea689d\" data-element_type=\"widget\" data-e-type=\"widget\" data-widget_type=\"heading.default\">\n\t\t\t\t<div class=\"elementor-widget-container\">\n\t\t\t\t\t<h2 class=\"elementor-heading-title elementor-size-default\">Speisen &amp; Getr\u00e4nke<\/h2>\t\t\t\t<\/div>\n\t\t\t\t<\/div>\n\t\t\t\t<div class=\"elementor-element elementor-element-5d488f0 elementor-widget elementor-widget-text-editor\" data-id=\"5d488f0\" data-element_type=\"widget\" data-e-type=\"widget\" data-widget_type=\"text-editor.default\">\n\t\t\t\t<div class=\"elementor-widget-container\">\n\t\t\t\t\t\t\t\t\t<p>Lass dich von unseren Gerichten verzaubern. Unser K\u00fcchenchef verw\u00f6hnt Sie mit einer Auswahl verschiedener Vorspeisen, Hauptgerichten und Desserts. Entspannen und genie\u00dfen Sie!<\/p>\t\t\t\t\t\t\t\t<\/div>\n\t\t\t\t<\/div>\n\t\t\t\t<\/div>\n\t\t<div class=\"elementor-element elementor-element-c967407 e-con-full e-flex e-con e-child\" data-id=\"c967407\" data-element_type=\"container\" data-e-type=\"container\">\n\t\t\t\t<div class=\"elementor-element elementor-element-57b5954 elementor-widget elementor-widget-image\" data-id=\"57b5954\" data-element_type=\"widget\" data-e-type=\"widget\" data-widget_type=\"image.default\">\n\t\t\t\t<div class=\"elementor-widget-container\">\n\t\t\t\t\t\t\t\t\t\t\t\t\t\t\t<img decoding=\"async\" width=\"683\" height=\"1024\" src=\"https:\/\/bistro.sa-nuk.de\/wp-content\/uploads\/2025\/01\/istockphoto-1404262507-1024x1024-1.jpg\" class=\"attachment-large size-large wp-image-811\" alt=\"\" srcset=\"https:\/\/bistro.sa-nuk.de\/wp-content\/uploads\/2025\/01\/istockphoto-1404262507-1024x1024-1.jpg 683w, https:\/\/bistro.sa-nuk.de\/wp-content\/uploads\/2025\/01\/istockphoto-1404262507-1024x1024-1-200x300.jpg 200w\" sizes=\"(max-width: 683px) 100vw, 683px\" \/>\t\t\t\t\t\t\t\t\t\t\t\t\t\t\t<\/div>\n\t\t\t\t<\/div>\n\t\t\t\t<\/div>\n\t\t<div class=\"elementor-element elementor-element-5474aa3 e-con-full e-flex e-con e-child\" data-id=\"5474aa3\" data-element_type=\"container\" data-e-type=\"container\">\n\t\t\t\t<div class=\"elementor-element elementor-element-168787c elementor-widget elementor-widget-button\" data-id=\"168787c\" data-element_type=\"widget\" data-e-type=\"widget\" data-widget_type=\"button.default\">\n\t\t\t\t<div class=\"elementor-widget-container\">\n\t\t\t\t\t\t\t\t\t<div class=\"elementor-button-wrapper\">\n\t\t\t\t\t<a class=\"elementor-button elementor-button-link elementor-size-sm\" href=\"#\">\n\t\t\t\t\t\t<span class=\"elementor-button-content-wrapper\">\n\t\t\t\t\t\t\t\t\t<span class=\"elementor-button-text\">Bistro Speisekarte<\/span>\n\t\t\t\t\t<\/span>\n\t\t\t\t\t<\/a>\n\t\t\t\t<\/div>\n\t\t\t\t\t\t\t\t<\/div>\n\t\t\t\t<\/div>\n\t\t\t\t<div class=\"elementor-element elementor-element-5fdd48c elementor-widget elementor-widget-button\" data-id=\"5fdd48c\" data-element_type=\"widget\" data-e-type=\"widget\" data-widget_type=\"button.default\">\n\t\t\t\t<div class=\"elementor-widget-container\">\n\t\t\t\t\t\t\t\t\t<div class=\"elementor-button-wrapper\">\n\t\t\t\t\t<a class=\"elementor-button elementor-button-link elementor-size-sm\" href=\"#\">\n\t\t\t\t\t\t<span class=\"elementor-button-content-wrapper\">\n\t\t\t\t\t\t\t\t\t<span class=\"elementor-button-text\">Fr\u00fchst\u00fcckskarte<\/span>\n\t\t\t\t\t<\/span>\n\t\t\t\t\t<\/a>\n\t\t\t\t<\/div>\n\t\t\t\t\t\t\t\t<\/div>\n\t\t\t\t<\/div>\n\t\t\t\t<div class=\"elementor-element elementor-element-9c5bfe0 elementor-widget elementor-widget-button\" data-id=\"9c5bfe0\" data-element_type=\"widget\" data-e-type=\"widget\" data-widget_type=\"button.default\">\n\t\t\t\t<div class=\"elementor-widget-container\">\n\t\t\t\t\t\t\t\t\t<div class=\"elementor-button-wrapper\">\n\t\t\t\t\t<a class=\"elementor-button elementor-button-link elementor-size-sm\" href=\"#\">\n\t\t\t\t\t\t<span class=\"elementor-button-content-wrapper\">\n\t\t\t\t\t\t\t\t\t<span class=\"elementor-button-text\">Bistro Weinkarte<\/span>\n\t\t\t\t\t<\/span>\n\t\t\t\t\t<\/a>\n\t\t\t\t<\/div>\n\t\t\t\t\t\t\t\t<\/div>\n\t\t\t\t<\/div>\n\t\t\t\t<div class=\"elementor-element elementor-element-2c2eb61 elementor-widget elementor-widget-spacer\" data-id=\"2c2eb61\" data-element_type=\"widget\" data-e-type=\"widget\" data-widget_type=\"spacer.default\">\n\t\t\t\t<div class=\"elementor-widget-container\">\n\t\t\t\t\t\t\t<div class=\"elementor-spacer\">\n\t\t\t<div class=\"elementor-spacer-inner\"><\/div>\n\t\t<\/div>\n\t\t\t\t\t\t<\/div>\n\t\t\t\t<\/div>\n\t\t\t\t<\/div>\n\t\t\t\t\t<\/div>\n\t\t\t\t<\/div>\n\t\t\t\t<\/div>\n\t\t","protected":false},"excerpt":{"rendered":"<p>Das Bistro f\u00fcr alle Speisen &amp; Getr\u00e4nke Lass dich von unseren Gerichten verzaubern. Unser K\u00fcchenchef verw\u00f6hnt Sie mit einer Auswahl verschiedener Vorspeisen, Hauptgerichten und Desserts. Entspannen und genie\u00dfen Sie! Bistro Speisekarte Fr\u00fchst\u00fcckskarte Bistro Weinkarte<\/p>\n","protected":false},"author":1,"featured_media":9,"parent":0,"menu_order":0,"comment_status":"closed","ping_status":"closed","template":"","meta":{"footnotes":""},"class_list":["post-98","page","type-page","status-publish","has-post-thumbnail","hentry"],"_links":{"self":[{"href":"https:\/\/bistro.sa-nuk.de\/index.php?rest_route=\/wp\/v2\/pages\/98","targetHints":{"allow":["GET"]}}],"collection":[{"href":"https:\/\/bistro.sa-nuk.de\/index.php?rest_route=\/wp\/v2\/pages"}],"about":[{"href":"https:\/\/bistro.sa-nuk.de\/index.php?rest_route=\/wp\/v2\/types\/page"}],"author":[{"embeddable":true,"href":"https:\/\/bistro.sa-nuk.de\/index.php?rest_route=\/wp\/v2\/users\/1"}],"replies":[{"embeddable":true,"href":"https:\/\/bistro.sa-nuk.de\/index.php?rest_route=%2Fwp%2Fv2%2Fcomments&post=98"}],"version-history":[{"count":149,"href":"https:\/\/bistro.sa-nuk.de\/index.php?rest_route=\/wp\/v2\/pages\/98\/revisions"}],"predecessor-version":[{"id":817,"href":"https:\/\/bistro.sa-nuk.de\/index.php?rest_route=\/wp\/v2\/pages\/98\/revisions\/817"}],"wp:featuredmedia":[{"embeddable":true,"href":"https:\/\/bistro.sa-nuk.de\/index.php?rest_route=\/wp\/v2\/media\/9"}],"wp:attachment":[{"href":"https:\/\/bistro.sa-nuk.de\/index.php?rest_route=%2Fwp%2Fv2%2Fmedia&parent=98"}],"curies":[{"name":"wp","href":"https:\/\/api.w.org\/{rel}","templated":true}]}}