{"id":197,"date":"2023-05-29T09:27:49","date_gmt":"2023-05-29T09:27:49","guid":{"rendered":"https:\/\/bistro.sa-nuk.de\/?page_id=197"},"modified":"2025-01-12T15:29:31","modified_gmt":"2025-01-12T15:29:31","slug":"impressum","status":"publish","type":"page","link":"https:\/\/bistro.sa-nuk.de\/?page_id=197","title":{"rendered":"Impressum"},"content":{"rendered":"\t\t<div data-elementor-type=\"wp-page\" data-elementor-id=\"197\" class=\"elementor elementor-197\" data-elementor-post-type=\"page\">\n\t\t\t\t<div class=\"elementor-element elementor-element-51f31876 e-flex e-con-boxed e-con e-parent\" data-id=\"51f31876\" data-element_type=\"container\" data-e-type=\"container\">\n\t\t\t\t\t<div class=\"e-con-inner\">\n\t\t\t\t<div class=\"elementor-element elementor-element-b0da886 elementor-widget elementor-widget-heading\" data-id=\"b0da886\" data-element_type=\"widget\" data-e-type=\"widget\" data-widget_type=\"heading.default\">\n\t\t\t\t<div class=\"elementor-widget-container\">\n\t\t\t\t\t<h2 class=\"elementor-heading-title elementor-size-default\">Impressum<\/h2>\t\t\t\t<\/div>\n\t\t\t\t<\/div>\n\t\t\t\t<div class=\"elementor-element elementor-element-a5ecf80 elementor-widget elementor-widget-text-editor\" data-id=\"a5ecf80\" data-element_type=\"widget\" data-e-type=\"widget\" data-widget_type=\"text-editor.default\">\n\t\t\t\t<div class=\"elementor-widget-container\">\n\t\t\t\t\t\t\t\t\t\n<p><strong>Angaben gem\u00e4\u00df \u00a7 5 TMG<\/strong><\/p>\n\n<p><br \/>Leopold\u00b4s GmbH<br \/>Karl-Theodor-Stra\u00dfe 2a<br \/>83700 Rottach-Egern<\/p>\n\n<p><strong>Gesellschaftsform:<\/strong> GmbH, Gesellschaft mit beschr\u00e4nkter Haftung<br \/><strong>Handelsregister: <\/strong>HRB 277557<br \/><strong>Registergericht<\/strong>: Amtsgericht M\u00fcnchen<\/p>\n\n<p><strong>Vertreten durch:<\/strong><br \/>Maurice Poeschel<br \/>Christine Poeschel<br \/>Hans-Dieter Schaal<\/p>\n\n<p><strong>Kontakt<\/strong><br \/>Telefon: 08022 &#8211; 66 19 858<br \/>E-Mail: info@bistro-Leopolds.de<br \/>Webseite: bistro-leopolds.de<\/p>\n\n<p><strong>Umsatzsteuer-ID<\/strong><br \/>Umsatzsteuer-Identifikationsnummer gem\u00e4\u00df \u00a7 27 a Umsatzsteuergesetz:<br \/>DE354684664<\/p>\n\n<p><br \/><strong>Verbraucherstreitbeilegung\/Universalschlichtungsstelle<\/strong><br \/>Wir sind nicht bereit oder verpflichtet, an Streitbeilegungsverfahren vor einer<br \/>Verbraucherschlichtungsstelle teilzunehmen.<\/p>\n<p><strong>Haftung f\u00fcr Links<\/strong><br \/>Trotz sorgf\u00e4ltiger inhaltlicher Kontrolle \u00fcbernehmen wir keine Haftung f\u00fcr die Inhalte von externen Links. F\u00fcr den Inhalt von verlinkten Seiten sind ausschlie\u00dflich die Betreiber dieser Seiten verantwortlich.<\/p>\n<p><strong>Haftung f\u00fcr Inhalte<\/strong><br \/>Die Inhalte unserer Seiten wurden mit gr\u00f6\u00dfter Sorgfalt erstellt. F\u00fcr die Richtigkeit und Aktualit\u00e4t der Inhalte k\u00f6nnen wir jedoch keine Haftung \u00fcbernehmen.<\/p>\n<p><strong>Datenschutz<\/strong><br \/>Ihre personenbezogenen Daten dienen uns ausschlie\u00dflich zur Kontaktaufnahme mit Ihnen. Alle personenbezogenen Daten werden von uns vertraulich behandelt. Sie haben jederzeit das Recht auf Berichtigung, Herausgabe oder Sperrung Ihrer pers\u00f6nlichen Daten. Mehr Informationen finden Sie auf unserer Unterseite &#8222;Datenschutzerkl\u00e4rung&#8220;.<\/p>\n<p><strong>Bildquellen<\/strong><br \/>Alle Bilder auf dieser Webpr\u00e4senz sind Eigentum von&#8230;.<\/p>\n\n<p><br \/><strong>Quelle:<\/strong><br \/>https:\/\/www.e-recht24.de\/impressum-generator.html<\/p>\n\t\t\t\t\t\t\t\t<\/div>\n\t\t\t\t<\/div>\n\t\t\t\t\t<\/div>\n\t\t\t\t<\/div>\n\t\t\t\t<\/div>\n\t\t","protected":false},"excerpt":{"rendered":"<p>Impressum Angaben gem\u00e4\u00df \u00a7 5 TMG Leopold\u00b4s GmbHKarl-Theodor-Stra\u00dfe 2a83700 Rottach-Egern Gesellschaftsform: GmbH, Gesellschaft mit beschr\u00e4nkter HaftungHandelsregister: HRB 277557Registergericht: Amtsgericht M\u00fcnchen Vertreten durch:Maurice PoeschelChristine PoeschelHans-Dieter Schaal KontaktTelefon: 08022 &#8211; 66 19 858E-Mail: info@bistro-Leopolds.deWebseite: bistro-leopolds.de Umsatzsteuer-IDUmsatzsteuer-Identifikationsnummer gem\u00e4\u00df \u00a7 27 a Umsatzsteuergesetz:DE354684664 Verbraucherstreitbeilegung\/UniversalschlichtungsstelleWir sind nicht bereit oder verpflichtet, an Streitbeilegungsverfahren vor einerVerbraucherschlichtungsstelle teilzunehmen. Haftung f\u00fcr LinksTrotz sorgf\u00e4ltiger inhaltlicher [&hellip;]<\/p>\n","protected":false},"author":1,"featured_media":0,"parent":0,"menu_order":0,"comment_status":"closed","ping_status":"closed","template":"","meta":{"footnotes":""},"class_list":["post-197","page","type-page","status-publish","hentry"],"_links":{"self":[{"href":"https:\/\/bistro.sa-nuk.de\/index.php?rest_route=\/wp\/v2\/pages\/197","targetHints":{"allow":["GET"]}}],"collection":[{"href":"https:\/\/bistro.sa-nuk.de\/index.php?rest_route=\/wp\/v2\/pages"}],"about":[{"href":"https:\/\/bistro.sa-nuk.de\/index.php?rest_route=\/wp\/v2\/types\/page"}],"author":[{"embeddable":true,"href":"https:\/\/bistro.sa-nuk.de\/index.php?rest_route=\/wp\/v2\/users\/1"}],"replies":[{"embeddable":true,"href":"https:\/\/bistro.sa-nuk.de\/index.php?rest_route=%2Fwp%2Fv2%2Fcomments&post=197"}],"version-history":[{"count":16,"href":"https:\/\/bistro.sa-nuk.de\/index.php?rest_route=\/wp\/v2\/pages\/197\/revisions"}],"predecessor-version":[{"id":614,"href":"https:\/\/bistro.sa-nuk.de\/index.php?rest_route=\/wp\/v2\/pages\/197\/revisions\/614"}],"wp:attachment":[{"href":"https:\/\/bistro.sa-nuk.de\/index.php?rest_route=%2Fwp%2Fv2%2Fmedia&parent=197"}],"curies":[{"name":"wp","href":"https:\/\/api.w.org\/{rel}","templated":true}]}}