{"id":11,"date":"2023-02-12T19:00:13","date_gmt":"2023-02-12T19:00:13","guid":{"rendered":"https:\/\/bistro.sa-nuk.de\/?page_id=11"},"modified":"2025-01-15T11:05:18","modified_gmt":"2025-01-15T11:05:18","slug":"startseite","status":"publish","type":"page","link":"https:\/\/bistro.sa-nuk.de\/","title":{"rendered":"Startseite"},"content":{"rendered":"\t\t<div data-elementor-type=\"wp-page\" data-elementor-id=\"11\" class=\"elementor elementor-11\" data-elementor-post-type=\"page\">\n\t\t\t\t<div class=\"elementor-element elementor-element-40baa9c e-con-full e-flex e-con e-parent\" data-id=\"40baa9c\" data-element_type=\"container\" data-e-type=\"container\">\n\t\t\t\t<div class=\"elementor-element elementor-element-2ff9889 elementor-widget__width-inherit elementor-widget elementor-widget-image\" data-id=\"2ff9889\" data-element_type=\"widget\" data-e-type=\"widget\" data-widget_type=\"image.default\">\n\t\t\t\t<div class=\"elementor-widget-container\">\n\t\t\t\t\t\t\t\t\t\t\t\t\t\t\t<img fetchpriority=\"high\" decoding=\"async\" width=\"2048\" height=\"1131\" src=\"https:\/\/bistro.sa-nuk.de\/wp-content\/uploads\/2023\/07\/Fruehstueck-2.jpg\" class=\"attachment-full size-full wp-image-245\" alt=\"\" srcset=\"https:\/\/bistro.sa-nuk.de\/wp-content\/uploads\/2023\/07\/Fruehstueck-2.jpg 2048w, https:\/\/bistro.sa-nuk.de\/wp-content\/uploads\/2023\/07\/Fruehstueck-2-300x166.jpg 300w, https:\/\/bistro.sa-nuk.de\/wp-content\/uploads\/2023\/07\/Fruehstueck-2-1024x566.jpg 1024w, https:\/\/bistro.sa-nuk.de\/wp-content\/uploads\/2023\/07\/Fruehstueck-2-768x424.jpg 768w, https:\/\/bistro.sa-nuk.de\/wp-content\/uploads\/2023\/07\/Fruehstueck-2-1536x848.jpg 1536w\" sizes=\"(max-width: 2048px) 100vw, 2048px\" \/>\t\t\t\t\t\t\t\t\t\t\t\t\t\t\t<\/div>\n\t\t\t\t<\/div>\n\t\t\t\t<\/div>\n\t\t<div class=\"elementor-element elementor-element-557357a e-flex e-con-boxed e-con e-parent\" data-id=\"557357a\" data-element_type=\"container\" data-e-type=\"container\">\n\t\t\t\t\t<div class=\"e-con-inner\">\n\t\t<div class=\"elementor-element elementor-element-d692d7b e-con-full e-flex e-con e-child\" data-id=\"d692d7b\" data-element_type=\"container\" data-e-type=\"container\">\n\t\t\t\t<div class=\"elementor-element elementor-element-d896109 elementor-widget elementor-widget-heading\" data-id=\"d896109\" data-element_type=\"widget\" data-e-type=\"widget\" data-widget_type=\"heading.default\">\n\t\t\t\t<div class=\"elementor-widget-container\">\n\t\t\t\t\t<h2 class=\"elementor-heading-title elementor-size-default\">Du, ich, wir - Bistro Leopold`s<\/h2>\t\t\t\t<\/div>\n\t\t\t\t<\/div>\n\t\t\t\t<div class=\"elementor-element elementor-element-1297be1 elementor-widget elementor-widget-heading\" data-id=\"1297be1\" data-element_type=\"widget\" data-e-type=\"widget\" data-widget_type=\"heading.default\">\n\t\t\t\t<div class=\"elementor-widget-container\">\n\t\t\t\t\t<h2 class=\"elementor-heading-title elementor-size-default\">Wir freuen uns<\/br> auf euch!<\/h2>\t\t\t\t<\/div>\n\t\t\t\t<\/div>\n\t\t\t\t<div class=\"elementor-element elementor-element-3430f53 elementor-widget elementor-widget-heading\" data-id=\"3430f53\" data-element_type=\"widget\" data-e-type=\"widget\" data-widget_type=\"heading.default\">\n\t\t\t\t<div class=\"elementor-widget-container\">\n\t\t\t\t\t<h2 class=\"elementor-heading-title elementor-size-default\">Info<\/h2>\t\t\t\t<\/div>\n\t\t\t\t<\/div>\n\t\t\t\t<div class=\"elementor-element elementor-element-7042dca elementor-widget elementor-widget-text-editor\" data-id=\"7042dca\" data-element_type=\"widget\" data-e-type=\"widget\" data-widget_type=\"text-editor.default\">\n\t\t\t\t<div class=\"elementor-widget-container\">\n\t\t\t\t\t\t\t\t\t<p>Geschlossen vom 7. Januar 2025 bis einschlie\u00dflich 23. Januar 2025. Wir sind wieder f\u00fcr euch da ab 25. Januar 2025<\/p>\t\t\t\t\t\t\t\t<\/div>\n\t\t\t\t<\/div>\n\t\t\t\t<div class=\"elementor-element elementor-element-155d175 elementor-widget elementor-widget-button\" data-id=\"155d175\" data-element_type=\"widget\" data-e-type=\"widget\" data-widget_type=\"button.default\">\n\t\t\t\t<div class=\"elementor-widget-container\">\n\t\t\t\t\t\t\t\t\t<div class=\"elementor-button-wrapper\">\n\t\t\t\t\t<a class=\"elementor-button elementor-button-link elementor-size-sm\" href=\"https:\/\/www.google.com\/maps\/reserve\/v\/dine\/c\/7gUfIm5GxOU?source=pa&#038;hl=de-DE&#038;gei=qc4mZcj5I5bc7_UP4uSDuAo&#038;sourceurl=https%3A%2F%2Fwww.google.de%2Fsearch%3Fq%3Dleopolds%2Brottach%2Begern%26ie%3DUTF-8%26oe%3DUTF-8%26hl%3Dde-de%26client%3Dsafari&#038;ihs=3\" target=\"_blank\">\n\t\t\t\t\t\t<span class=\"elementor-button-content-wrapper\">\n\t\t\t\t\t\t\t\t\t<span class=\"elementor-button-text\">Jetzt reservieren<\/span>\n\t\t\t\t\t<\/span>\n\t\t\t\t\t<\/a>\n\t\t\t\t<\/div>\n\t\t\t\t\t\t\t\t<\/div>\n\t\t\t\t<\/div>\n\t\t\t\t<\/div>\n\t\t<div class=\"elementor-element elementor-element-711e545 e-con-full e-flex e-con e-child\" data-id=\"711e545\" data-element_type=\"container\" data-e-type=\"container\">\n\t\t\t\t<div class=\"elementor-element elementor-element-0f50eaf elementor-widget elementor-widget-image\" data-id=\"0f50eaf\" data-element_type=\"widget\" data-e-type=\"widget\" data-widget_type=\"image.default\">\n\t\t\t\t<div class=\"elementor-widget-container\">\n\t\t\t\t\t\t\t\t\t\t\t\t\t\t\t<img decoding=\"async\" width=\"1080\" height=\"1080\" src=\"https:\/\/bistro.sa-nuk.de\/wp-content\/uploads\/2023\/10\/4E972E22-DF36-4C5E-8F94-709513AE7919.png\" class=\"attachment-full size-full wp-image-392\" alt=\"\" srcset=\"https:\/\/bistro.sa-nuk.de\/wp-content\/uploads\/2023\/10\/4E972E22-DF36-4C5E-8F94-709513AE7919.png 1080w, https:\/\/bistro.sa-nuk.de\/wp-content\/uploads\/2023\/10\/4E972E22-DF36-4C5E-8F94-709513AE7919-300x300.png 300w, https:\/\/bistro.sa-nuk.de\/wp-content\/uploads\/2023\/10\/4E972E22-DF36-4C5E-8F94-709513AE7919-1024x1024.png 1024w, https:\/\/bistro.sa-nuk.de\/wp-content\/uploads\/2023\/10\/4E972E22-DF36-4C5E-8F94-709513AE7919-150x150.png 150w, https:\/\/bistro.sa-nuk.de\/wp-content\/uploads\/2023\/10\/4E972E22-DF36-4C5E-8F94-709513AE7919-768x768.png 768w, https:\/\/bistro.sa-nuk.de\/wp-content\/uploads\/2023\/10\/4E972E22-DF36-4C5E-8F94-709513AE7919-100x100.png 100w\" sizes=\"(max-width: 1080px) 100vw, 1080px\" \/>\t\t\t\t\t\t\t\t\t\t\t\t\t\t\t<\/div>\n\t\t\t\t<\/div>\n\t\t\t\t<\/div>\n\t\t\t\t\t<\/div>\n\t\t\t\t<\/div>\n\t\t<div class=\"elementor-element elementor-element-f08b2fe e-con-full e-flex e-con e-parent\" data-id=\"f08b2fe\" data-element_type=\"container\" data-e-type=\"container\" data-settings=\"{&quot;background_background&quot;:&quot;classic&quot;}\">\n\t\t<div class=\"elementor-element elementor-element-bc9750d e-con-full e-flex e-con e-child\" data-id=\"bc9750d\" data-element_type=\"container\" data-e-type=\"container\">\n\t\t\t\t<div class=\"elementor-element elementor-element-4bb2e90 elementor-widget elementor-widget-text-editor\" data-id=\"4bb2e90\" data-element_type=\"widget\" data-e-type=\"widget\" data-widget_type=\"text-editor.default\">\n\t\t\t\t<div class=\"elementor-widget-container\">\n\t\t\t\t\t\t\t\t\t<p>Life is good, Bistro Leopold`s<\/p>\t\t\t\t\t\t\t\t<\/div>\n\t\t\t\t<\/div>\n\t\t\t\t<\/div>\n\t\t<div class=\"elementor-element elementor-element-de42920 e-con-full e-flex e-con e-child\" data-id=\"de42920\" data-element_type=\"container\" data-e-type=\"container\">\n\t\t\t\t<div class=\"elementor-element elementor-element-2d5c645 elementor-widget elementor-widget-image\" data-id=\"2d5c645\" data-element_type=\"widget\" data-e-type=\"widget\" data-widget_type=\"image.default\">\n\t\t\t\t<div class=\"elementor-widget-container\">\n\t\t\t\t\t\t\t\t\t\t\t\t\t\t\t<img decoding=\"async\" width=\"800\" height=\"480\" src=\"https:\/\/bistro.sa-nuk.de\/wp-content\/uploads\/2023\/02\/espresso-1024x614.jpg\" class=\"attachment-large size-large wp-image-8\" alt=\"\" srcset=\"https:\/\/bistro.sa-nuk.de\/wp-content\/uploads\/2023\/02\/espresso-1024x614.jpg 1024w, https:\/\/bistro.sa-nuk.de\/wp-content\/uploads\/2023\/02\/espresso-300x180.jpg 300w, https:\/\/bistro.sa-nuk.de\/wp-content\/uploads\/2023\/02\/espresso-768x461.jpg 768w, https:\/\/bistro.sa-nuk.de\/wp-content\/uploads\/2023\/02\/espresso-1536x922.jpg 1536w, https:\/\/bistro.sa-nuk.de\/wp-content\/uploads\/2023\/02\/espresso.jpg 2000w\" sizes=\"(max-width: 800px) 100vw, 800px\" \/>\t\t\t\t\t\t\t\t\t\t\t\t\t\t\t<\/div>\n\t\t\t\t<\/div>\n\t\t\t\t<\/div>\n\t\t<div class=\"elementor-element elementor-element-b0abf14 e-con-full e-flex e-con e-child\" data-id=\"b0abf14\" data-element_type=\"container\" data-e-type=\"container\">\n\t\t\t\t<div class=\"elementor-element elementor-element-7d1d3fb elementor-widget elementor-widget-image\" data-id=\"7d1d3fb\" data-element_type=\"widget\" data-e-type=\"widget\" data-widget_type=\"image.default\">\n\t\t\t\t<div class=\"elementor-widget-container\">\n\t\t\t\t\t\t\t\t\t\t\t\t\t\t\t<img loading=\"lazy\" decoding=\"async\" width=\"800\" height=\"535\" src=\"https:\/\/bistro.sa-nuk.de\/wp-content\/uploads\/2023\/07\/cropped-White-on-Black-1024x685.png\" class=\"attachment-large size-large wp-image-293\" alt=\"\" srcset=\"https:\/\/bistro.sa-nuk.de\/wp-content\/uploads\/2023\/07\/cropped-White-on-Black-1024x685.png 1024w, https:\/\/bistro.sa-nuk.de\/wp-content\/uploads\/2023\/07\/cropped-White-on-Black-300x201.png 300w, https:\/\/bistro.sa-nuk.de\/wp-content\/uploads\/2023\/07\/cropped-White-on-Black-768x514.png 768w, https:\/\/bistro.sa-nuk.de\/wp-content\/uploads\/2023\/07\/cropped-White-on-Black-1536x1028.png 1536w, https:\/\/bistro.sa-nuk.de\/wp-content\/uploads\/2023\/07\/cropped-White-on-Black.png 2000w\" sizes=\"(max-width: 800px) 100vw, 800px\" \/>\t\t\t\t\t\t\t\t\t\t\t\t\t\t\t<\/div>\n\t\t\t\t<\/div>\n\t\t\t\t<\/div>\n\t\t\t\t<\/div>\n\t\t<div class=\"elementor-element elementor-element-de2604c e-flex e-con-boxed e-con e-parent\" data-id=\"de2604c\" data-element_type=\"container\" data-e-type=\"container\">\n\t\t\t\t\t<div class=\"e-con-inner\">\n\t\t<div class=\"elementor-element elementor-element-c728fbd e-con-full e-flex e-con e-child\" data-id=\"c728fbd\" data-element_type=\"container\" data-e-type=\"container\">\n\t\t\t\t<div class=\"elementor-element elementor-element-b5fb70e elementor-widget elementor-widget-heading\" data-id=\"b5fb70e\" data-element_type=\"widget\" data-e-type=\"widget\" data-widget_type=\"heading.default\">\n\t\t\t\t<div class=\"elementor-widget-container\">\n\t\t\t\t\t<h2 class=\"elementor-heading-title elementor-size-default\">Die K\u00fcche - Bistro Leopold`s<\/h2>\t\t\t\t<\/div>\n\t\t\t\t<\/div>\n\t\t\t\t<div class=\"elementor-element elementor-element-658f82c elementor-widget elementor-widget-heading\" data-id=\"658f82c\" data-element_type=\"widget\" data-e-type=\"widget\" data-widget_type=\"heading.default\">\n\t\t\t\t<div class=\"elementor-widget-container\">\n\t\t\t\t\t<h2 class=\"elementor-heading-title elementor-size-default\">Leckere Speisen<\/br> von morgens bis abends!<\/h2>\t\t\t\t<\/div>\n\t\t\t\t<\/div>\n\t\t\t\t<div class=\"elementor-element elementor-element-94da427 elementor-widget elementor-widget-text-editor\" data-id=\"94da427\" data-element_type=\"widget\" data-e-type=\"widget\" data-widget_type=\"text-editor.default\">\n\t\t\t\t<div class=\"elementor-widget-container\">\n\t\t\t\t\t\t\t\t\t<p><strong>Das Bistro Leopold`s<\/strong>, der l\u00e4ssige Treffpunkt mitten in Rottach-Egern &#8211; Ihr findet uns in einem modernen Neubau mit schicker Holzfassade.<\/p><p>Freut euch \u00fcber eine offene Showk\u00fcche, wechselnden Gerichten aus aller Welt, ein gro\u00dfe Auswahl an erlesenen Weinen, kreative und klassische Apperits und Cocktails, super stylisches Ambiente und ein Koch voller Inspirationen, der nur auf euch wartet!<\/p><p>Wir servieren von 8.00 Uhr bis 12.00 Uhr verschiedene Fr\u00fchst\u00fccksspezialit\u00e4ten, anschlie\u00dfend kleine Mittagsgerichte, nachmittags Kaffee &amp; Kuchen und ab 18.00 Uhr bieten wir mediterane und internationale Spezialit\u00e4ten.<\/p><p>Wir freuen uns auf euch!<\/p>\t\t\t\t\t\t\t\t<\/div>\n\t\t\t\t<\/div>\n\t\t\t\t<div class=\"elementor-element elementor-element-dea4b6d elementor-widget elementor-widget-button\" data-id=\"dea4b6d\" data-element_type=\"widget\" data-e-type=\"widget\" data-widget_type=\"button.default\">\n\t\t\t\t<div class=\"elementor-widget-container\">\n\t\t\t\t\t\t\t\t\t<div class=\"elementor-button-wrapper\">\n\t\t\t\t\t<a class=\"elementor-button elementor-button-link elementor-size-sm\" href=\"https:\/\/bistro.sa-nuk.de\/?page_id=98\">\n\t\t\t\t\t\t<span class=\"elementor-button-content-wrapper\">\n\t\t\t\t\t\t\t\t\t<span class=\"elementor-button-text\">Speisekarte und mehr<\/span>\n\t\t\t\t\t<\/span>\n\t\t\t\t\t<\/a>\n\t\t\t\t<\/div>\n\t\t\t\t\t\t\t\t<\/div>\n\t\t\t\t<\/div>\n\t\t\t\t<\/div>\n\t\t<div class=\"elementor-element elementor-element-57ab5e8 e-con-full e-flex e-con e-child\" data-id=\"57ab5e8\" data-element_type=\"container\" data-e-type=\"container\">\n\t\t\t\t<div class=\"elementor-element elementor-element-c3aa754 elementor-widget elementor-widget-image\" data-id=\"c3aa754\" data-element_type=\"widget\" data-e-type=\"widget\" data-widget_type=\"image.default\">\n\t\t\t\t<div class=\"elementor-widget-container\">\n\t\t\t\t\t\t\t\t\t\t\t\t\t\t\t<img loading=\"lazy\" decoding=\"async\" width=\"673\" height=\"1024\" src=\"https:\/\/bistro.sa-nuk.de\/wp-content\/uploads\/2023\/09\/52CB1DE9-C88B-4AA8-8BA5-ACC6B8ABC0D4-673x1024.jpeg\" class=\"attachment-large size-large wp-image-379\" alt=\"\" srcset=\"https:\/\/bistro.sa-nuk.de\/wp-content\/uploads\/2023\/09\/52CB1DE9-C88B-4AA8-8BA5-ACC6B8ABC0D4-673x1024.jpeg 673w, https:\/\/bistro.sa-nuk.de\/wp-content\/uploads\/2023\/09\/52CB1DE9-C88B-4AA8-8BA5-ACC6B8ABC0D4-197x300.jpeg 197w, https:\/\/bistro.sa-nuk.de\/wp-content\/uploads\/2023\/09\/52CB1DE9-C88B-4AA8-8BA5-ACC6B8ABC0D4-768x1168.jpeg 768w, https:\/\/bistro.sa-nuk.de\/wp-content\/uploads\/2023\/09\/52CB1DE9-C88B-4AA8-8BA5-ACC6B8ABC0D4-1010x1536.jpeg 1010w, https:\/\/bistro.sa-nuk.de\/wp-content\/uploads\/2023\/09\/52CB1DE9-C88B-4AA8-8BA5-ACC6B8ABC0D4.jpeg 1170w\" sizes=\"(max-width: 673px) 100vw, 673px\" \/>\t\t\t\t\t\t\t\t\t\t\t\t\t\t\t<\/div>\n\t\t\t\t<\/div>\n\t\t\t\t<\/div>\n\t\t\t\t\t<\/div>\n\t\t\t\t<\/div>\n\t\t\t\t<\/div>\n\t\t","protected":false},"excerpt":{"rendered":"<p>Du, ich, wir &#8211; Bistro Leopold`s Wir freuen uns auf euch! Info Geschlossen vom 7. Januar 2025 bis einschlie\u00dflich 23. Januar 2025. Wir sind wieder f\u00fcr euch da ab 25. Januar 2025 Jetzt reservieren Life is good, Bistro Leopold`s Die K\u00fcche &#8211; Bistro Leopold`s Leckere Speisen von morgens bis abends! Das Bistro Leopold`s, der l\u00e4ssige [&hellip;]<\/p>\n","protected":false},"author":1,"featured_media":266,"parent":0,"menu_order":0,"comment_status":"closed","ping_status":"closed","template":"elementor_header_footer","meta":{"footnotes":""},"class_list":["post-11","page","type-page","status-publish","has-post-thumbnail","hentry"],"_links":{"self":[{"href":"https:\/\/bistro.sa-nuk.de\/index.php?rest_route=\/wp\/v2\/pages\/11","targetHints":{"allow":["GET"]}}],"collection":[{"href":"https:\/\/bistro.sa-nuk.de\/index.php?rest_route=\/wp\/v2\/pages"}],"about":[{"href":"https:\/\/bistro.sa-nuk.de\/index.php?rest_route=\/wp\/v2\/types\/page"}],"author":[{"embeddable":true,"href":"https:\/\/bistro.sa-nuk.de\/index.php?rest_route=\/wp\/v2\/users\/1"}],"replies":[{"embeddable":true,"href":"https:\/\/bistro.sa-nuk.de\/index.php?rest_route=%2Fwp%2Fv2%2Fcomments&post=11"}],"version-history":[{"count":176,"href":"https:\/\/bistro.sa-nuk.de\/index.php?rest_route=\/wp\/v2\/pages\/11\/revisions"}],"predecessor-version":[{"id":770,"href":"https:\/\/bistro.sa-nuk.de\/index.php?rest_route=\/wp\/v2\/pages\/11\/revisions\/770"}],"wp:featuredmedia":[{"embeddable":true,"href":"https:\/\/bistro.sa-nuk.de\/index.php?rest_route=\/wp\/v2\/media\/266"}],"wp:attachment":[{"href":"https:\/\/bistro.sa-nuk.de\/index.php?rest_route=%2Fwp%2Fv2%2Fmedia&parent=11"}],"curies":[{"name":"wp","href":"https:\/\/api.w.org\/{rel}","templated":true}]}}